{"id":8199,"date":"2022-05-30T15:01:12","date_gmt":"2022-05-30T15:01:12","guid":{"rendered":"https:\/\/soed.ch\/philosophy-service\/"},"modified":"2026-04-14T12:39:27","modified_gmt":"2026-04-14T12:39:27","slug":"philosophy-service","status":"publish","type":"page","link":"https:\/\/soed.ch\/de\/philosophy-service\/","title":{"rendered":"PHILOSOPHIE + SERVICE"},"content":{"rendered":"<div class=\"wpb-content-wrapper\"><p>[vc_row full_width=&#8220;stretch_row_content_no_spaces&#8220; content_placement=&#8220;top&#8220;][vc_column][vc_row_inner content_placement=&#8220;top&#8220;][vc_column_inner offset=&#8220;vc_hidden-xs&#8220;][vc_raw_html el_class=&#8220;media_margin_loader&#8220;]PGRpdiBzdHlsZT0icGFkZGluZzo1Ni4yNSUgMCAwIDA7cG9zaXRpb246cmVsYXRpdmU7Ij48aWZyYW1lIHNyYz0iaHR0cHM6Ly9wbGF5ZXIudmltZW8uY29tL3ZpZGVvLzc5OTA0MjUwMT9oPWYwMzU5YTkyYzYmYW1wO2F1dG9wbGF5PTEmYW1wO2xvb3A9MSZhbXA7YmFja2dyb3VuZD0xJmFtcDttdXRlZD0xJmFtcDtiYWRnZT0wJmFtcDthdXRvcGF1c2U9MCZhbXA7cGxheWVyX2lkPTAmYW1wO2FwcF9pZD01ODQ3OSIgZnJhbWVib3JkZXI9IjAiIGFsbG93PSJhdXRvcGxheTsgZnVsbHNjcmVlbjsgcGljdHVyZS1pbi1waWN0dXJlIiBhbGxvd2Z1bGxzY3JlZW49IiIgc3R5bGU9InBvc2l0aW9uOmFic29sdXRlO3RvcDowO2xlZnQ6MDt3aWR0aDoxMDAlO2hlaWdodDoxMDAlOyIgdGl0bGU9IkdEU19Bd2FyZF9MYW5kc2NoYWZ0Ij48L2lmcmFtZT48L2Rpdj4=[\/vc_raw_html][\/vc_column_inner][vc_column_inner offset=&#8220;vc_hidden-lg vc_hidden-md vc_hidden-sm&#8220;][vc_raw_html el_class=&#8220;media_margin_loader&#8220;]PGRpdiBzdHlsZT0icGFkZGluZzoxNzcuNzglIDAgMCAwO3Bvc2l0aW9uOnJlbGF0aXZlOyI+PGlmcmFtZSBzcmM9Imh0dHBzOi8vcGxheWVyLnZpbWVvLmNvbS92aWRlby83OTkwNDI1Mjg\/aD03MjU5ZTJhNzRmJmFtcDthdXRvcGxheT0xJmFtcDtsb29wPTEmYW1wO2JhY2tncm91bmQ9MSZhbXA7bXV0ZWQ9MSZhbXA7YmFkZ2U9MCZhbXA7YXV0b3BhdXNlPTAmYW1wO3BsYXllcl9pZD0wJmFtcDthcHBfaWQ9NTg0NzkiIGZyYW1lYm9yZGVyPSIwIiBhbGxvdz0iYXV0b3BsYXk7IGZ1bGxzY3JlZW47IHBpY3R1cmUtaW4tcGljdHVyZSIgYWxsb3dmdWxsc2NyZWVuPSIiIHN0eWxlPSJwb3NpdGlvbjphYnNvbHV0ZTt0b3A6MDtsZWZ0OjA7d2lkdGg6MTAwJTtoZWlnaHQ6MTAwJTsiIHRpdGxlPSJWb2xsc3TDpG5kaWcubXA0Ij48L2lmcmFtZT48L2Rpdj4=[\/vc_raw_html][\/vc_column_inner][\/vc_row_inner][\/vc_column][\/vc_row][vc_row full_width=&#8220;stretch_row_content_no_spaces&#8220; equal_height=&#8220;yes&#8220; content_placement=&#8220;middle&#8220;][vc_column][vc_raw_html]PGRpdiBjbGFzcz0iYXJyb3cgYW5pbWF0ZWQgYm91bmNlIj48L2Rpdj4=[\/vc_raw_html][\/vc_column][\/vc_row][vc_row full_width=&#8220;stretch_row_content_no_spaces&#8220; equal_height=&#8220;yes&#8220; content_placement=&#8220;middle&#8220; el_class=&#8220;spacer&#8220;][vc_column][\/vc_column][\/vc_row][vc_row full_width=&#8220;stretch_row_content_no_spaces&#8220; equal_height=&#8220;yes&#8220; content_placement=&#8220;middle&#8220; video_bg=&#8220;yes&#8220; video_bg_url=&#8220;https:\/\/vimeo.com\/799042501\/f0359a92c6&#8243; css_animation=&#8220;none&#8220;][vc_column][vc_row_inner equal_height=&#8220;yes&#8220;][vc_column_inner offset=&#8220;vc_hidden-lg vc_hidden-md vc_hidden-sm&#8220;][vc_column_text css=&#8220;&#8220; el_class=&#8220;text_margin&#8220;]<\/p>\n<h4 style=\"text-align: left;\"><code class=\"arrow_down\"><\/code><strong>  I. KONZEPT UND PHILOSOPHIE<\/strong><\/h4>\n<p>[\/vc_column_text][\/vc_column_inner][\/vc_row_inner][vc_row_inner equal_height=&#8220;yes&#8220;][vc_column_inner width=&#8220;1\/2&#8243; offset=&#8220;vc_hidden-xs&#8220;][vc_column_text css=&#8220;&#8220; el_class=&#8220;text_margin&#8220;]<\/p>\n<h4 style=\"text-align: right;\"><strong>I. KONZEPT UND PHILOSOPHIE  <\/strong><code class=\"arrow_right\"><\/code><\/h4>\n<p>[\/vc_column_text][\/vc_column_inner][vc_column_inner width=&#8220;1\/2&#8243;][vc_column_text el_class=&#8220;text_margin&#8220;]<\/p>\n<h4>Wir bei SOED kombinieren das Beste aus zwei Welten. \u00c4sthetik und Technologie. Das Herzst\u00fcck jeder von uns entwickelten L\u00f6sung ist eine stimmungsvolle 3D-Welt.  <\/h4>\n<p>[\/vc_column_text][\/vc_column_inner][\/vc_row_inner][\/vc_column][\/vc_row][vc_row full_width=&#8220;stretch_row_content_no_spaces&#8220; equal_height=&#8220;yes&#8220; content_placement=&#8220;middle&#8220; el_class=&#8220;spacer_small&#8220;][vc_column][\/vc_column][\/vc_row][vc_row full_width=&#8220;stretch_row_content_no_spaces&#8220; equal_height=&#8220;yes&#8220; content_placement=&#8220;middle&#8220; css_animation=&#8220;fadeInUp&#8220;][vc_column][vc_row_inner equal_height=&#8220;yes&#8220;][vc_column_inner width=&#8220;1\/2&#8243;][\/vc_column_inner][vc_column_inner width=&#8220;1\/4&#8243;][vc_column_text el_class=&#8220;text_margin&#8220;]Forschung und Entwicklung sind ein wichtiger Teil unserer Arbeit. Sobald eine neue Technologie auftaucht, nehmen wir sie in die Hand. Wir sind experimentierfreudig und denken immer \u00fcber neue Wege nach, um Ihr Projekt zu verbessern und neue Wege zu beschreiten.[\/vc_column_text][\/vc_column_inner][vc_column_inner width=&#8220;1\/4&#8243;][vc_column_text el_class=&#8220;text_margin&#8220;]Das Look &amp; Feel ist entscheidend, damit Ihr Projekt heraussticht. Aus diesem Grund ist die Philosophie der Sch\u00f6nheit ein wichtiger Bestandteil von SOED. Unser Ziel ist es, eine einzigartige Atmosph\u00e4re zu schaffen. Wir formen Licht, inszenieren R\u00e4ume, gestalten mit ausgew\u00e4hlten Farben und suchen nach der perfekten Komposition, um Ihre Geschichte zum Leben zu erwecken.[\/vc_column_text][\/vc_column_inner][\/vc_row_inner][\/vc_column][\/vc_row][vc_row full_width=&#8220;stretch_row_content_no_spaces&#8220; equal_height=&#8220;yes&#8220; content_placement=&#8220;middle&#8220; el_class=&#8220;spacer&#8220;][vc_column][\/vc_column][\/vc_row][vc_row full_width=&#8220;stretch_row_content_no_spaces&#8220; content_placement=&#8220;top&#8220;][vc_column][vc_row_inner content_placement=&#8220;top&#8220;][vc_column_inner offset=&#8220;vc_hidden-lg vc_hidden-md vc_hidden-sm&#8220;][vc_raw_html el_class=&#8220;media_margin_loader&#8220;]PGRpdiBzdHlsZT0icGFkZGluZzoxNzcuNzglIDAgMCAwO3Bvc2l0aW9uOnJlbGF0aXZlOyI+PGlmcmFtZSBzcmM9Imh0dHBzOi8vcGxheWVyLnZpbWVvLmNvbS92aWRlby83OTkwNDQ5Njg\/aD1jNjk3ZDY3ZTc4JmFtcDthdXRvcGxheT0xJmFtcDtsb29wPTEmYW1wO2JhY2tncm91bmQ9MSZhbXA7bXV0ZWQ9MSZhbXA7YmFkZ2U9MCZhbXA7YXV0b3BhdXNlPTAmYW1wO3BsYXllcl9pZD0wJmFtcDthcHBfaWQ9NTg0NzkiIGZyYW1lYm9yZGVyPSIwIiBhbGxvdz0iYXV0b3BsYXk7IGZ1bGxzY3JlZW47IHBpY3R1cmUtaW4tcGljdHVyZSIgYWxsb3dmdWxsc2NyZWVuPSIiIHN0eWxlPSJwb3NpdGlvbjphYnNvbHV0ZTt0b3A6MDtsZWZ0OjA7d2lkdGg6MTAwJTtoZWlnaHQ6MTAwJTsiIHRpdGxlPSJWb2xsc3TDpG5kaWcubXA0Ij48L2lmcmFtZT48L2Rpdj4=[\/vc_raw_html][\/vc_column_inner][vc_column_inner offset=&#8220;vc_hidden-xs&#8220;][vc_raw_html el_class=&#8220;media_margin_loader&#8220;]PGRpdiBzdHlsZT0icGFkZGluZzo1Ni4yNSUgMCAwIDA7cG9zaXRpb246cmVsYXRpdmU7Ij48aWZyYW1lIHNyYz0iaHR0cHM6Ly9wbGF5ZXIudmltZW8uY29tL3ZpZGVvLzc5OTA0NDkzMz9oPTcyYzdlNjI4N2ImYW1wO2F1dG9wbGF5PTEmYW1wO2xvb3A9MSZhbXA7YmFja2dyb3VuZD0xJmFtcDttdXRlZD0xJmFtcDtiYWRnZT0wJmFtcDthdXRvcGF1c2U9MCZhbXA7cGxheWVyX2lkPTAmYW1wO2FwcF9pZD01ODQ3OSIgZnJhbWVib3JkZXI9IjAiIGFsbG93PSJhdXRvcGxheTsgZnVsbHNjcmVlbjsgcGljdHVyZS1pbi1waWN0dXJlIiBhbGxvd2Z1bGxzY3JlZW49IiIgc3R5bGU9InBvc2l0aW9uOmFic29sdXRlO3RvcDowO2xlZnQ6MDt3aWR0aDoxMDAlO2hlaWdodDoxMDAlOyIgdGl0bGU9IkdEU19Bd2FyZF9MYW5kc2NoYWZ0Ij48L2lmcmFtZT48L2Rpdj4=[\/vc_raw_html][\/vc_column_inner][\/vc_row_inner][\/vc_column][\/vc_row][vc_row full_width=&#8220;stretch_row_content_no_spaces&#8220; equal_height=&#8220;yes&#8220; content_placement=&#8220;middle&#8220; css_animation=&#8220;none&#8220;][vc_column][vc_row_inner equal_height=&#8220;yes&#8220;][vc_column_inner offset=&#8220;vc_hidden-lg vc_hidden-md vc_hidden-sm&#8220;][vc_column_text css=&#8220;&#8220; el_class=&#8220;text_margin&#8220;]<\/p>\n<h4 style=\"text-align: left;\"><code class=\"arrow_down\"><\/code><strong>  II. ANWENDUNGSBEREICH <\/strong><\/h4>\n<p>[\/vc_column_text][\/vc_column_inner][\/vc_row_inner][vc_row_inner equal_height=&#8220;yes&#8220;][vc_column_inner width=&#8220;1\/2&#8243; offset=&#8220;vc_hidden-xs&#8220;][vc_column_text css=&#8220;&#8220; el_class=&#8220;text_margin&#8220;]<\/p>\n<h4 style=\"text-align: right;\"><strong>II. ANWENDUNGSBEREICH   <\/strong><code class=\"arrow_right\"><\/code><\/h4>\n<p>[\/vc_column_text][\/vc_column_inner][vc_column_inner width=&#8220;1\/2&#8243;][vc_column_text el_class=&#8220;text_margin&#8220;]<\/p>\n<h4>Architektur. Produktdesign. Immersives r\u00e4umliches Design. SOED arbeitet in und an der Schnittstelle zwischen diesen Disziplinen. Das Know-how in jedem Bereich schafft zus\u00e4tzlichen Wert, indem es das Beste aus diesen Welten kombiniert.    <\/h4>\n<p>[\/vc_column_text][\/vc_column_inner][\/vc_row_inner][\/vc_column][\/vc_row][vc_row full_width=&#8220;stretch_row_content_no_spaces&#8220; equal_height=&#8220;yes&#8220; content_placement=&#8220;middle&#8220; el_class=&#8220;spacer&#8220;][vc_column][\/vc_column][\/vc_row][vc_row full_width=&#8220;stretch_row_content_no_spaces&#8220; content_placement=&#8220;top&#8220;][vc_column][vc_row_inner content_placement=&#8220;top&#8220;][vc_column_inner offset=&#8220;vc_hidden-lg vc_hidden-md vc_hidden-sm&#8220;][vc_raw_html el_class=&#8220;media_margin_loader&#8220;]PGRpdiBzdHlsZT0icGFkZGluZzoxNzcuNzglIDAgMCAwO3Bvc2l0aW9uOnJlbGF0aXZlOyI+PGlmcmFtZSBzcmM9Imh0dHBzOi8vcGxheWVyLnZpbWVvLmNvbS92aWRlby84MjE5MjY1MTI\/aD1iNjZlZGVlZmZhJmFtcDthdXRvcGxheT0xJmFtcDtsb29wPTEmYW1wO2JhY2tncm91bmQ9MSZhbXA7bXV0ZWQ9MSZhbXA7YmFkZ2U9MCZhbXA7YXV0b3BhdXNlPTAmYW1wO3BsYXllcl9pZD0wJmFtcDthcHBfaWQ9NTg0NzkiIGZyYW1lYm9yZGVyPSIwIiBhbGxvdz0iYXV0b3BsYXk7IGZ1bGxzY3JlZW47IHBpY3R1cmUtaW4tcGljdHVyZSIgYWxsb3dmdWxsc2NyZWVuPSIiIHN0eWxlPSJwb3NpdGlvbjphYnNvbHV0ZTt0b3A6MDtsZWZ0OjA7d2lkdGg6MTAwJTtoZWlnaHQ6MTAwJTsiIHRpdGxlPSJWb2xsc3TDpG5kaWcubXA0Ij48L2lmcmFtZT48L2Rpdj4=[\/vc_raw_html][\/vc_column_inner][vc_column_inner offset=&#8220;vc_hidden-xs&#8220;][vc_raw_html el_class=&#8220;media_margin_loader&#8220;]PGRpdiBzdHlsZT0icGFkZGluZzo1Ni4yNSUgMCAwIDA7cG9zaXRpb246cmVsYXRpdmU7Ij48aWZyYW1lIHNyYz0iaHR0cHM6Ly9wbGF5ZXIudmltZW8uY29tL3ZpZGVvLzgwMzQxNjMzNT9oPTMzZjU2OTI4ZTYmYW1wO2F1dG9wbGF5PTEmYW1wO2xvb3A9MSZhbXA7YmFja2dyb3VuZD0xJmFtcDttdXRlZD0xJmFtcDtiYWRnZT0wJmFtcDthdXRvcGF1c2U9MCZhbXA7cGxheWVyX2lkPTAmYW1wO2FwcF9pZD01ODQ3OSIgZnJhbWVib3JkZXI9IjAiIGFsbG93PSJhdXRvcGxheTsgZnVsbHNjcmVlbjsgcGljdHVyZS1pbi1waWN0dXJlIiBhbGxvd2Z1bGxzY3JlZW49IiIgc3R5bGU9InBvc2l0aW9uOmFic29sdXRlO3RvcDowO2xlZnQ6MDt3aWR0aDoxMDAlO2hlaWdodDoxMDAlOyIgdGl0bGU9IkdEU19Bd2FyZF9MYW5kc2NoYWZ0Ij48L2lmcmFtZT48L2Rpdj4=[\/vc_raw_html][\/vc_column_inner][\/vc_row_inner][\/vc_column][\/vc_row][vc_row full_width=&#8220;stretch_row_content_no_spaces&#8220; equal_height=&#8220;yes&#8220; content_placement=&#8220;middle&#8220; css_animation=&#8220;none&#8220;][vc_column][vc_row_inner equal_height=&#8220;yes&#8220;][vc_column_inner offset=&#8220;vc_hidden-lg vc_hidden-md vc_hidden-sm&#8220;][vc_column_text css=&#8220;&#8220; el_class=&#8220;text_margin&#8220;]<\/p>\n<h4 style=\"text-align: left;\"><code class=\"arrow_down\"><\/code><strong>  III. OUTPUT <\/strong><\/h4>\n<p>[\/vc_column_text][\/vc_column_inner][\/vc_row_inner][vc_row_inner equal_height=&#8220;yes&#8220;][vc_column_inner width=&#8220;1\/2&#8243; offset=&#8220;vc_hidden-xs&#8220;][vc_column_text css=&#8220;&#8220; el_class=&#8220;text_margin&#8220;]<\/p>\n<h4 style=\"text-align: right;\"><strong>III. OUTPUT   <\/strong><code class=\"arrow_right\"><\/code><\/h4>\n<p>[\/vc_column_text][\/vc_column_inner][vc_column_inner width=&#8220;1\/2&#8243;][vc_column_text el_class=&#8220;text_margin&#8220;]<\/p>\n<h4>SOED entwickelt ma\u00dfgeschneiderte L\u00f6sungen f\u00fcr Ihre Bed\u00fcrfnisse. Unser Ziel ist es, Ihnen ein ganzheitliches Erlebnis zu bieten, das verschiedene Formen der Pr\u00e4sentation umfasst. Ob Bilder, Animationen, interaktive Erlebnisse, Virtual Reality oder Augmented Reality &#8211; wir haben die perfekte L\u00f6sung f\u00fcr Sie.  <\/h4>\n<p>[\/vc_column_text][\/vc_column_inner][\/vc_row_inner][\/vc_column][\/vc_row][vc_row full_width=&#8220;stretch_row_content_no_spaces&#8220; equal_height=&#8220;yes&#8220; content_placement=&#8220;middle&#8220; el_class=&#8220;spacer&#8220;][vc_column][\/vc_column][\/vc_row][vc_row full_width=&#8220;stretch_row_content_no_spaces&#8220; equal_height=&#8220;yes&#8220; content_placement=&#8220;middle&#8220; css_animation=&#8220;fadeInUp&#8220; el_class=&#8220;&#8218;&#8220;][vc_column][vc_row_inner equal_height=&#8220;yes&#8220;][vc_column_inner width=&#8220;1\/2&#8243;][\/vc_column_inner][vc_column_inner width=&#8220;1\/4&#8243;][vc_column_text el_class=&#8220;text_margin&#8220;]SOED bietet interaktive 3D-L\u00f6sungen wie:<\/p>\n<p>&#8211; webbasierte Rundg\u00e4nge f\u00fcr Architektur<br \/>\n&#8211; webbasierte Ausstellungsr\u00e4ume f\u00fcr Produkte<br \/>\n&#8211; imersive Installationen<br \/>\n&#8211; 3D-Produktkonfiguratoren<br \/>\n&#8211; Virtual Reality-L\u00f6sungen f\u00fcr Architektur<br \/>\n&#8211; Augmented Reality-L\u00f6sungen f\u00fcr Produkte[\/vc_column_text][\/vc_column_inner][vc_column_inner width=&#8220;1\/4&#8243;][vc_column_text el_class=&#8220;text_margin&#8220;]L\u00f6sungen f\u00fcr lineares Storytelling:<\/p>\n<p>&#8211; Bilder f\u00fcr Print und Web<br \/>\n&#8211; Animationen f\u00fcr Produkte und Architektur[\/vc_column_text][\/vc_column_inner][\/vc_row_inner][\/vc_column][\/vc_row][vc_row full_width=&#8220;stretch_row_content_no_spaces&#8220; equal_height=&#8220;yes&#8220; content_placement=&#8220;middle&#8220; el_class=&#8220;spacer&#8220;][vc_column][\/vc_column][\/vc_row]<\/p>\n<\/div>","protected":false},"excerpt":{"rendered":"<p>[vc_row full_width=&#8220;stretch_row_content_no_spaces&#8220; content_placement=&#8220;top&#8220;][vc_column][vc_row_inner content_placement=&#8220;top&#8220;][vc_column_inner offset=&#8220;vc_hidden-xs&#8220;][vc_raw_html el_class=&#8220;media_margin_loader&#8220;]PGRpdiBzdHlsZT0icGFkZGluZzo1Ni4yNSUgMCAwIDA7cG9zaXRpb246cmVsYXRpdmU7Ij48aWZyYW1lIHNyYz0iaHR0cHM6Ly9wbGF5ZXIudmltZW8uY29tL3ZpZGVvLzc5OTA0MjUwMT9oPWYwMzU5YTkyYzYmYW1wO2F1dG9wbGF5PTEmYW1wO2xvb3A9MSZhbXA7YmFja2dyb3VuZD0xJmFtcDttdXRlZD0xJmFtcDtiYWRnZT0wJmFtcDthdXRvcGF1c2U9MCZhbXA7cGxheWVyX2lkPTAmYW1wO2FwcF9pZD01ODQ3OSIgZnJhbWVib3JkZXI9IjAiIGFsbG93PSJhdXRvcGxheTsgZnVsbHNjcmVlbjsgcGljdHVyZS1pbi1waWN0dXJlIiBhbGxvd2Z1bGxzY3JlZW49IiIgc3R5bGU9InBvc2l0aW9uOmFic29sdXRlO3RvcDowO2xlZnQ6MDt3aWR0aDoxMDAlO2hlaWdodDoxMDAlOyIgdGl0bGU9IkdEU19Bd2FyZF9MYW5kc2NoYWZ0Ij48L2lmcmFtZT48L2Rpdj4=[\/vc_raw_html][\/vc_column_inner][vc_column_inner offset=&#8220;vc_hidden-lg vc_hidden-md vc_hidden-sm&#8220;][vc_raw_html el_class=&#8220;media_margin_loader&#8220;]PGRpdiBzdHlsZT0icGFkZGluZzoxNzcuNzglIDAgMCAwO3Bvc2l0aW9uOnJlbGF0aXZlOyI+PGlmcmFtZSBzcmM9Imh0dHBzOi8vcGxheWVyLnZpbWVvLmNvbS92aWRlby83OTkwNDI1Mjg\/aD03MjU5ZTJhNzRmJmFtcDthdXRvcGxheT0xJmFtcDtsb29wPTEmYW1wO2JhY2tncm91bmQ9MSZhbXA7bXV0ZWQ9MSZhbXA7YmFkZ2U9MCZhbXA7YXV0b3BhdXNlPTAmYW1wO3BsYXllcl9pZD0wJmFtcDthcHBfaWQ9NTg0NzkiIGZyYW1lYm9yZGVyPSIwIiBhbGxvdz0iYXV0b3BsYXk7IGZ1bGxzY3JlZW47IHBpY3R1cmUtaW4tcGljdHVyZSIgYWxsb3dmdWxsc2NyZWVuPSIiIHN0eWxlPSJwb3NpdGlvbjphYnNvbHV0ZTt0b3A6MDtsZWZ0OjA7d2lkdGg6MTAwJTtoZWlnaHQ6MTAwJTsiIHRpdGxlPSJWb2xsc3TDpG5kaWcubXA0Ij48L2lmcmFtZT48L2Rpdj4=[\/vc_raw_html][\/vc_column_inner][\/vc_row_inner][\/vc_column][\/vc_row][vc_row full_width=&#8220;stretch_row_content_no_spaces&#8220; equal_height=&#8220;yes&#8220; content_placement=&#8220;middle&#8220;][vc_column][vc_raw_html]PGRpdiBjbGFzcz0iYXJyb3cgYW5pbWF0ZWQgYm91bmNlIj48L2Rpdj4=[\/vc_raw_html][\/vc_column][\/vc_row][vc_row full_width=&#8220;stretch_row_content_no_spaces&#8220; equal_height=&#8220;yes&#8220; content_placement=&#8220;middle&#8220; el_class=&#8220;spacer&#8220;][vc_column][\/vc_column][\/vc_row][vc_row full_width=&#8220;stretch_row_content_no_spaces&#8220; equal_height=&#8220;yes&#8220; content_placement=&#8220;middle&#8220; video_bg=&#8220;yes&#8220; video_bg_url=&#8220;https:\/\/vimeo.com\/799042501\/f0359a92c6&#8243; css_animation=&#8220;none&#8220;][vc_column][vc_row_inner equal_height=&#8220;yes&#8220;][vc_column_inner offset=&#8220;vc_hidden-lg vc_hidden-md vc_hidden-sm&#8220;][vc_column_text css=&#8220;&#8220; el_class=&#8220;text_margin&#8220;] I. KONZEPT UND PHILOSOPHIE [\/vc_column_text][\/vc_column_inner][\/vc_row_inner][vc_row_inner equal_height=&#8220;yes&#8220;][vc_column_inner width=&#8220;1\/2&#8243; offset=&#8220;vc_hidden-xs&#8220;][vc_column_text css=&#8220;&#8220; el_class=&#8220;text_margin&#8220;] I. KONZEPT UND PHILOSOPHIE [\/vc_column_text][\/vc_column_inner][vc_column_inner width=&#8220;1\/2&#8243;][vc_column_text el_class=&#8220;text_margin&#8220;] Wir bei SOED kombinieren das Beste aus zwei Welten.&hellip;<\/p>\n","protected":false},"author":1,"featured_media":0,"parent":0,"menu_order":0,"comment_status":"closed","ping_status":"closed","template":"","meta":{"_acf_changed":false,"inline_featured_image":false,"footnotes":""},"class_list":["post-8199","page","type-page","status-publish","hentry"],"acf":[],"_links":{"self":[{"href":"https:\/\/soed.ch\/de\/wp-json\/wp\/v2\/pages\/8199","targetHints":{"allow":["GET"]}}],"collection":[{"href":"https:\/\/soed.ch\/de\/wp-json\/wp\/v2\/pages"}],"about":[{"href":"https:\/\/soed.ch\/de\/wp-json\/wp\/v2\/types\/page"}],"author":[{"embeddable":true,"href":"https:\/\/soed.ch\/de\/wp-json\/wp\/v2\/users\/1"}],"replies":[{"embeddable":true,"href":"https:\/\/soed.ch\/de\/wp-json\/wp\/v2\/comments?post=8199"}],"version-history":[{"count":50,"href":"https:\/\/soed.ch\/de\/wp-json\/wp\/v2\/pages\/8199\/revisions"}],"predecessor-version":[{"id":11073,"href":"https:\/\/soed.ch\/de\/wp-json\/wp\/v2\/pages\/8199\/revisions\/11073"}],"wp:attachment":[{"href":"https:\/\/soed.ch\/de\/wp-json\/wp\/v2\/media?parent=8199"}],"curies":[{"name":"wp","href":"https:\/\/api.w.org\/{rel}","templated":true}]}}